{"id":1354,"date":"2020-04-13T15:25:45","date_gmt":"2020-04-13T13:25:45","guid":{"rendered":"https:\/\/wapainternational.org\/?page_id=1354"},"modified":"2024-02-10T14:23:27","modified_gmt":"2024-02-10T13:23:27","slug":"nos-campagnes","status":"publish","type":"page","link":"https:\/\/wapainternational.org\/fr\/nos-campagnes\/","title":{"rendered":"Nos campagnes"},"content":{"rendered":"<p><div class=\"fusion-fullwidth fullwidth-box fusion-builder-row-1 nonhundred-percent-fullwidth non-hundred-percent-height-scrolling\" style=\"--awb-border-radius-top-left:0px;--awb-border-radius-top-right:0px;--awb-border-radius-bottom-right:0px;--awb-border-radius-bottom-left:0px;--awb-flex-wrap:wrap;\" ><div class=\"fusion-builder-row fusion-row\"><div class=\"fusion-layout-column fusion_builder_column fusion-builder-column-0 fusion_builder_column_1_1 1_1 fusion-one-full fusion-column-first fusion-column-last\" style=\"--awb-bg-size:cover;\"><div class=\"fusion-column-wrapper fusion-column-has-shadow fusion-flex-column-wrapper-legacy\"><div class=\"fusion-sep-clear\"><\/div><div class=\"fusion-separator fusion-full-width-sep\" style=\"margin-left: auto;margin-right: auto;width:100%;\"><div class=\"fusion-separator-border sep-single\" style=\"--awb-height:20px;--awb-amount:20px;--awb-sep-color:#ffffff;border-color:#ffffff;border-top-width:50px;\"><\/div><\/div><div class=\"fusion-sep-clear\"><\/div><div class=\"fusion-clearfix\"><\/div><\/div><\/div><\/div><\/div><div class=\"fusion-fullwidth fullwidth-box fusion-builder-row-2 nonhundred-percent-fullwidth non-hundred-percent-height-scrolling\" style=\"--awb-border-radius-top-left:0px;--awb-border-radius-top-right:0px;--awb-border-radius-bottom-right:0px;--awb-border-radius-bottom-left:0px;--awb-flex-wrap:wrap;\" ><div class=\"fusion-builder-row fusion-row\"><div class=\"fusion-layout-column fusion_builder_column fusion-builder-column-1 fusion_builder_column_1_1 1_1 fusion-one-full fusion-column-first fusion-column-last\" style=\"--awb-bg-size:cover;\"><div class=\"fusion-column-wrapper fusion-column-has-shadow fusion-flex-column-wrapper-legacy\"><style type=\"text\/css\">.fusion-portfolio-wrapper#fusion-portfolio-1 .fusion-portfolio-content{ padding: 25px 25px 25px 25px; text-align: center; }<\/style><div class=\"fusion-recent-works fusion-portfolio-element fusion-portfolio fusion-portfolio-1 fusion-portfolio-grid fusion-portfolio-paging-pagination fusion-portfolio-four fusion-portfolio-boxed fusion-portfolio-text fusion-portfolio-equal-heights fusion-portfolio-rollover\" data-id=\"-rw-1\" data-columns=\"four\"><style type=\"text\/css\">.fusion-portfolio-1 .fusion-portfolio-wrapper .fusion-col-spacing{padding:6px;}<\/style><div class=\"fusion-portfolio-wrapper\" id=\"fusion-portfolio-1\" data-picturesize=\"auto\" data-pages=\"1\" style=\"margin:-6px;\"><article id=\"portfolio-1-post-10254\" class=\"fusion-portfolio-post campagne-actuelle campagnes fusion-col-spacing post-10254\"><div class=\"fusion-portfolio-content-wrapper\" style=\"border:1px solid #ebeaea;border-bottom-width:3px;background-color:rgba(255,255,255,0);\"><span class=\"vcard rich-snippet-hidden\"><span class=\"fn\"><a href=\"https:\/\/wapainternational.org\/fr\/author\/veronique\/\" title=\"Articles par Veronique\" rel=\"author\">Veronique<\/a><\/span><\/span><span class=\"updated rich-snippet-hidden\">2021-12-09T17:17:49+01:00<\/span><div  class=\"fusion-image-wrapper\" aria-haspopup=\"true\">\n\t\t\t\t<img decoding=\"async\" width=\"2000\" height=\"1335\" src=\"https:\/\/wapainternational.org\/wp-content\/uploads\/2016\/08\/image001.jpg\" class=\"attachment-full size-full wp-post-image\" alt=\"\" srcset=\"https:\/\/wapainternational.org\/wp-content\/uploads\/2016\/08\/image001-200x134.jpg 200w, https:\/\/wapainternational.org\/wp-content\/uploads\/2016\/08\/image001-400x267.jpg 400w, https:\/\/wapainternational.org\/wp-content\/uploads\/2016\/08\/image001-600x401.jpg 600w, https:\/\/wapainternational.org\/wp-content\/uploads\/2016\/08\/image001-800x534.jpg 800w, https:\/\/wapainternational.org\/wp-content\/uploads\/2016\/08\/image001-1200x801.jpg 1200w, https:\/\/wapainternational.org\/wp-content\/uploads\/2016\/08\/image001.jpg 2000w\" sizes=\"(min-width: 2200px) 100vw, (min-width: 1120px) 284px, (min-width: 960px) 378px, (min-width: 800px) 567px, (min-width: 640px) 800px, \" \/><div class=\"fusion-rollover\">\n\t<div class=\"fusion-rollover-content\">\n\n\t\t\t\t\n\t\t\n\t\t\t\t\t\t\t\t\t\t\t\t<h4 class=\"fusion-rollover-title\">\n\t\t\t\t\t<a class=\"fusion-rollover-title-link\" href=\"https:\/\/wapainternational.org\/fr\/portfolio-items\/charidy\/\">\n\t\t\t\t\t\tLA GUERRE, C&rsquo;EST PAS POUR LES ENFANTS : 36H D&rsquo;ACTION AVEC WAPA\t\t\t\t\t<\/a>\n\t\t\t\t<\/h4>\n\t\t\t\n\t\t\t\t\t\t\t\t\n\t\t\n\t\t\t\t\t\t<a class=\"fusion-link-wrapper\" href=\"https:\/\/wapainternational.org\/fr\/portfolio-items\/charidy\/\" aria-label=\"LA GUERRE, C&rsquo;EST PAS POUR LES ENFANTS : 36H D&rsquo;ACTION AVEC WAPA\"><\/a>\n\t<\/div>\n<\/div>\n<\/div>\n<div class=\"fusion-portfolio-content\" style=\"background-color:rgba(255,255,255,0);\"><div class=\"fusion-content-sep sep-single sep-solid\" style=\"border-color:#e0dede;\"><\/div><div class=\"fusion-post-content\"><p>Durant ces 36H uniquement, CHAQUE DON EST DOUBLE GR\u00c2CE AU SOUTIEN DE MECENES &amp; D\u2019ENTREPRISES SOLIDAIRES. Soutenez la r\u00e9int\u00e9gration d'enfants soldats au travers de cette action. <\/p><\/div><\/div><\/div><\/article><article id=\"portfolio-1-post-16492\" class=\"fusion-portfolio-post campagne-actuelle campagnes fusion-col-spacing post-16492\"><div class=\"fusion-portfolio-content-wrapper\" style=\"border:1px solid #ebeaea;border-bottom-width:3px;background-color:rgba(255,255,255,0);\"><span class=\"vcard rich-snippet-hidden\"><span class=\"fn\"><a href=\"https:\/\/wapainternational.org\/fr\/author\/veronique\/\" title=\"Articles par Veronique\" rel=\"author\">Veronique<\/a><\/span><\/span><span class=\"updated rich-snippet-hidden\">2023-02-22T20:47:11+01:00<\/span><div  class=\"fusion-image-wrapper\" aria-haspopup=\"true\">\n\t\t\t\t<img decoding=\"async\" width=\"2000\" height=\"1335\" src=\"https:\/\/wapainternational.org\/wp-content\/uploads\/2023\/02\/Design-sans-titre.png\" class=\"attachment-full size-full wp-post-image\" alt=\"\" srcset=\"https:\/\/wapainternational.org\/wp-content\/uploads\/2023\/02\/Design-sans-titre-200x134.png 200w, https:\/\/wapainternational.org\/wp-content\/uploads\/2023\/02\/Design-sans-titre-400x267.png 400w, https:\/\/wapainternational.org\/wp-content\/uploads\/2023\/02\/Design-sans-titre-600x401.png 600w, https:\/\/wapainternational.org\/wp-content\/uploads\/2023\/02\/Design-sans-titre-800x534.png 800w, https:\/\/wapainternational.org\/wp-content\/uploads\/2023\/02\/Design-sans-titre-1200x801.png 1200w, https:\/\/wapainternational.org\/wp-content\/uploads\/2023\/02\/Design-sans-titre.png 2000w\" sizes=\"(min-width: 2200px) 100vw, (min-width: 1120px) 284px, (min-width: 960px) 378px, (min-width: 800px) 567px, (min-width: 640px) 800px, \" \/><div class=\"fusion-rollover\">\n\t<div class=\"fusion-rollover-content\">\n\n\t\t\t\t\n\t\t\n\t\t\t\t\t\t\t\t\t\t\t\t<h4 class=\"fusion-rollover-title\">\n\t\t\t\t\t<a class=\"fusion-rollover-title-link\" href=\"https:\/\/wapainternational.org\/fr\/portfolio-items\/ensemble-faisons-briller-le-monde\/\">\n\t\t\t\t\t\tENSEMBLE, faisons briller le monde!\t\t\t\t\t<\/a>\n\t\t\t\t<\/h4>\n\t\t\t\n\t\t\t\t\t\t\t\t\n\t\t\n\t\t\t\t\t\t<a class=\"fusion-link-wrapper\" href=\"https:\/\/wapainternational.org\/fr\/portfolio-items\/ensemble-faisons-briller-le-monde\/\" aria-label=\"ENSEMBLE, faisons briller le monde!\"><\/a>\n\t<\/div>\n<\/div>\n<\/div>\n<div class=\"fusion-portfolio-content\" style=\"background-color:rgba(255,255,255,0);\"><div class=\"fusion-content-sep sep-single sep-solid\" style=\"border-color:#e0dede;\"><\/div><div class=\"fusion-post-content\"><p>Durant ces 36H uniquement, CHAQUE DON EST DOUBLE GR\u00c2CE AU SOUTIEN DE MECENES &amp; D\u2019ENTREPRISES SOLIDAIRES. Soutenez la r\u00e9int\u00e9gration d'enfants soldats au travers de cette action. <\/p><\/div><\/div><\/div><\/article><article id=\"portfolio-1-post-23750\" class=\"fusion-portfolio-post campagne-actuelle campagnes fusion-col-spacing post-23750\"><div class=\"fusion-portfolio-content-wrapper\" style=\"border:1px solid #ebeaea;border-bottom-width:3px;background-color:rgba(255,255,255,0);\"><span class=\"vcard rich-snippet-hidden\"><span class=\"fn\"><a href=\"https:\/\/wapainternational.org\/fr\/author\/madeleine\/\" title=\"Articles par Madeleine Van den Bogaert\" rel=\"author\">Madeleine Van den Bogaert<\/a><\/span><\/span><span class=\"updated rich-snippet-hidden\">2024-02-10T18:29:18+01:00<\/span><div  class=\"fusion-image-wrapper\" aria-haspopup=\"true\">\n\t\t\t\t<img decoding=\"async\" width=\"3155\" height=\"1577\" src=\"https:\/\/wapainternational.org\/wp-content\/uploads\/2024\/02\/Chut-Album-Cover-MaN-01-6-pdf.jpg\" class=\"attachment-full size-full wp-post-image\" alt=\"\" \/><div class=\"fusion-rollover\">\n\t<div class=\"fusion-rollover-content\">\n\n\t\t\t\t\n\t\t\n\t\t\t\t\t\t\t\t\t\t\t\t<h4 class=\"fusion-rollover-title\">\n\t\t\t\t\t<a class=\"fusion-rollover-title-link\" href=\"https:\/\/wapainternational.org\/fr\/portfolio-items\/chut\/\">\n\t\t\t\t\t\tChut\t\t\t\t\t<\/a>\n\t\t\t\t<\/h4>\n\t\t\t\n\t\t\t\t\t\t\t\t\n\t\t\n\t\t\t\t\t\t<a class=\"fusion-link-wrapper\" href=\"https:\/\/wapainternational.org\/fr\/portfolio-items\/chut\/\" aria-label=\"Chut\"><\/a>\n\t<\/div>\n<\/div>\n<\/div>\n<div class=\"fusion-portfolio-content\" style=\"background-color:rgba(255,255,255,0);\"><div class=\"fusion-content-sep sep-single sep-solid\" style=\"border-color:#e0dede;\"><\/div><div class=\"fusion-post-content\"><p>Chut est un album.\r\nChut, c'est 10 artistes.\r\nChut, c'est 10 fois 1 minute de silence pour faire entendre la cause des enfants soldats.<\/p><\/div><\/div><\/div><\/article><article id=\"portfolio-1-post-7120\" class=\"fusion-portfolio-post campagnes fusion-col-spacing post-7120\"><div class=\"fusion-portfolio-content-wrapper\" style=\"border:1px solid #ebeaea;border-bottom-width:3px;background-color:rgba(255,255,255,0);\"><span class=\"vcard rich-snippet-hidden\"><span class=\"fn\"><a href=\"https:\/\/wapainternational.org\/fr\/author\/veronique\/\" title=\"Articles par Veronique\" rel=\"author\">Veronique<\/a><\/span><\/span><span class=\"updated rich-snippet-hidden\">2022-07-01T14:05:51+02:00<\/span><div  class=\"fusion-image-wrapper\" aria-haspopup=\"true\">\n\t\t\t\t<img decoding=\"async\" width=\"2560\" height=\"1710\" src=\"https:\/\/wapainternational.org\/wp-content\/uploads\/2022\/07\/Moussa-5-scaled-e1656672960831.jpg\" class=\"attachment-full size-full wp-post-image\" alt=\"\" \/><div class=\"fusion-rollover\">\n\t<div class=\"fusion-rollover-content\">\n\n\t\t\t\t\n\t\t\n\t\t\t\t\t\t\t\t\t\t\t\t<h4 class=\"fusion-rollover-title\">\n\t\t\t\t\t<a class=\"fusion-rollover-title-link\" href=\"https:\/\/wapainternational.org\/fr\/portfolio-items\/la-dictee-la-plus-dure\/\">\n\t\t\t\t\t\tLa dict\u00e9e la plus dure !\t\t\t\t\t<\/a>\n\t\t\t\t<\/h4>\n\t\t\t\n\t\t\t\t\t\t\t\t\n\t\t\n\t\t\t\t\t\t<a class=\"fusion-link-wrapper\" href=\"https:\/\/wapainternational.org\/fr\/portfolio-items\/la-dictee-la-plus-dure\/\" aria-label=\"La dict\u00e9e la plus dure !\"><\/a>\n\t<\/div>\n<\/div>\n<\/div>\n<div class=\"fusion-portfolio-content\" style=\"background-color:rgba(255,255,255,0);\"><div class=\"fusion-content-sep sep-single sep-solid\" style=\"border-color:#e0dede;\"><\/div><div class=\"fusion-post-content\"><p>Avec pour objectif de sensibiliser l\u2019opinion publique, WAPA International  et son agence ont men\u00e9 une exp\u00e9rience film\u00e9e aupr\u00e8s de 6 jeunes enfants belges.<\/p><\/div><\/div><\/div><\/article><\/div><\/div><div class=\"fusion-clearfix\"><\/div><\/div><\/div><\/div><\/div><div class=\"fusion-fullwidth fullwidth-box fusion-builder-row-3 fusion-parallax-none nonhundred-percent-fullwidth non-hundred-percent-height-scrolling\" style=\"--awb-border-sizes-top:0px;--awb-border-sizes-bottom:0px;--awb-border-sizes-left:0px;--awb-border-sizes-right:0px;--awb-border-radius-top-left:0px;--awb-border-radius-top-right:0px;--awb-border-radius-bottom-right:0px;--awb-border-radius-bottom-left:0px;--awb-padding-top:50px;--awb-padding-bottom:50px;--awb-margin-top:0px;--awb-margin-bottom:0px;--awb-background-image:url(&quot;https:\/\/wapainternational.org\/wp-content\/uploads\/2020\/04\/Sans-titre-4.png&quot;);--awb-background-size:cover;--awb-flex-wrap:wrap;\" ><div class=\"fusion-builder-row fusion-row\"><div class=\"fusion-layout-column fusion_builder_column fusion-builder-column-2 fusion_builder_column_1_1 1_1 fusion-one-full fusion-column-first fusion-column-last fusion-column-inner-bg-wrapper\" style=\"--awb-padding-right:11%;--awb-padding-left:11%;--awb-inner-bg-blend:overlay;--awb-inner-bg-size:cover;\" data-scroll-devices=\"small-visibility,medium-visibility,large-visibility\"><span class=\"fusion-column-inner-bg hover-type-none\"><a class=\"fusion-column-anchor\" href=\"https:\/\/www.act4wapa.org\/?locale=fr\"><span class=\"fusion-column-inner-bg-image\"><\/span><\/a><\/span><div class=\"fusion-column-wrapper fusion-column-has-shadow fusion-flex-column-wrapper-legacy\"><div class=\"fusion-text fusion-text-1\"><h2 style=\"text-align: center; color: #fff;\">ACT4WAPA<\/h2>\n<\/div><div class=\"fusion-sep-clear\"><\/div><div class=\"fusion-separator\" style=\"margin-left: auto;margin-right: auto;margin-top:0px;margin-bottom:40px;width:100%;max-width:200px;\"><div class=\"fusion-separator-border sep-single sep-solid\" style=\"--awb-height:20px;--awb-amount:20px;--awb-sep-color:#ff3700;border-color:#ff37000;border-top-width:3px;\"><\/div><\/div><div class=\"fusion-sep-clear\"><\/div><div class=\"fusion-text fusion-text-2\"><p style=\"text-align: center; font-size: 24px; color: #fff; font-weight: 300;\">Gr\u00e2ce \u00e0 cette plateforme, vous pouvez lancer facilement une action de collecte de dons (parrainage d\u2019un d\u00e9fi sportif, mariages, anniversaires, bapt\u00eames, vide-dressing d\u00eeners entre amis,\u2026) en faveur des programmes de WAPA et la partager avec tous vos proches. Vous pouvez \u00e9galement rejoindre une campagne ou un \u00e9v\u00e8nement existant.<\/p>\n<\/div><div class=\"fusion-sep-clear\"><\/div><div class=\"fusion-separator fusion-full-width-sep\" style=\"margin-left: auto;margin-right: auto;margin-top:25px;width:100%;\"><\/div><div class=\"fusion-sep-clear\"><\/div><div class=\"fusion-builder-row fusion-builder-row-inner fusion-row\"><div class=\"fusion-layout-column fusion_builder_column_inner fusion-builder-nested-column-0 fusion_builder_column_inner_1_3 1_3 fusion-one-third fusion-column-first\" style=\"--awb-bg-blend:overlay;--awb-bg-size:cover;width:33.333333333333%;width:calc(33.333333333333% - ( ( 0px + 0px ) * 0.33333333333333 ) );margin-right: 0px;\"><div class=\"fusion-column-wrapper fusion-flex-column-wrapper-legacy\"><div class=\"fusion-clearfix\"><\/div><\/div><\/div><div class=\"fusion-layout-column fusion_builder_column_inner fusion-builder-nested-column-1 fusion_builder_column_inner_1_3 1_3 fusion-one-third\" style=\"--awb-bg-blend:overlay;--awb-bg-size:cover;width:33.333333333333%;width:calc(33.333333333333% - ( ( 0px + 0px ) * 0.33333333333333 ) );margin-right: 0px;\"><div class=\"fusion-column-wrapper fusion-flex-column-wrapper-legacy\"><div class=\"fusion-aligncenter\"><a class=\"fusion-button button-flat fusion-button-default-size button-custom fusion-button-default button-1 fusion-button-default-span fusion-button-default-type\" style=\"--button_accent_color:#ffffff;--button_accent_hover_color:#fec96b;--button_border_hover_color:#fec96b;--button_border_width-top:2px;--button_border_width-right:2px;--button_border_width-bottom:2px;--button_border_width-left:2px;--button_gradient_top_color:rgba(254,201,107,0);--button_gradient_bottom_color:rgba(254,201,107,0);--button_gradient_top_color_hover:rgba(0,0,0,0);--button_gradient_bottom_color_hover:rgba(0,0,0,0);\" target=\"_self\" href=\"https:\/\/act.wapainternational.org\/\"><span class=\"fusion-button-text awb-button__text awb-button__text--default\">AGISSEZ MAINTENANT<\/span><\/a><\/div><div class=\"fusion-clearfix\"><\/div><\/div><\/div><div class=\"fusion-layout-column fusion_builder_column_inner fusion-builder-nested-column-2 fusion_builder_column_inner_1_3 1_3 fusion-one-third fusion-column-last\" style=\"--awb-bg-blend:overlay;--awb-bg-size:cover;width:33.333333333333%;width:calc(33.333333333333% - ( ( 0px + 0px ) * 0.33333333333333 ) );\"><div class=\"fusion-column-wrapper fusion-flex-column-wrapper-legacy\"><div class=\"fusion-clearfix\"><\/div><\/div><\/div><\/div><div class=\"fusion-clearfix\"><\/div><\/div><\/div><\/div><\/div>\n<\/p>\n","protected":false},"excerpt":{"rendered":"","protected":false},"author":4,"featured_media":0,"parent":0,"menu_order":0,"comment_status":"closed","ping_status":"closed","template":"100-width.php","meta":{"footnotes":""},"class_list":["post-1354","page","type-page","status-publish","hentry"],"_links":{"self":[{"href":"https:\/\/wapainternational.org\/fr\/wp-json\/wp\/v2\/pages\/1354","targetHints":{"allow":["GET"]}}],"collection":[{"href":"https:\/\/wapainternational.org\/fr\/wp-json\/wp\/v2\/pages"}],"about":[{"href":"https:\/\/wapainternational.org\/fr\/wp-json\/wp\/v2\/types\/page"}],"author":[{"embeddable":true,"href":"https:\/\/wapainternational.org\/fr\/wp-json\/wp\/v2\/users\/4"}],"replies":[{"embeddable":true,"href":"https:\/\/wapainternational.org\/fr\/wp-json\/wp\/v2\/comments?post=1354"}],"version-history":[{"count":0,"href":"https:\/\/wapainternational.org\/fr\/wp-json\/wp\/v2\/pages\/1354\/revisions"}],"wp:attachment":[{"href":"https:\/\/wapainternational.org\/fr\/wp-json\/wp\/v2\/media?parent=1354"}],"curies":[{"name":"wp","href":"https:\/\/api.w.org\/{rel}","templated":true}]}}